{"id":720,"date":"2025-09-25T14:41:18","date_gmt":"2025-09-25T12:41:18","guid":{"rendered":"https:\/\/asran.itechsarl.com\/?page_id=720"},"modified":"2025-09-26T09:53:05","modified_gmt":"2025-09-26T07:53:05","slug":"information-surete","status":"publish","type":"page","link":"https:\/\/asran.itechsarl.com\/en\/information-surete\/","title":{"rendered":"Information on Radiological Safety"},"content":{"rendered":"<div data-elementor-type=\"wp-page\" data-elementor-id=\"720\" class=\"elementor elementor-720\" data-elementor-post-type=\"page\">\n\t\t\t\t<div class=\"elementor-element elementor-element-af9da70 e-con-full e-flex e-con e-parent\" data-id=\"af9da70\" data-element_type=\"container\" data-settings=\"{&quot;background_background&quot;:&quot;gradient&quot;}\">\n\t\t\t\t<div class=\"elementor-element elementor-element-48b363c elementor-widget elementor-widget-heading\" data-id=\"48b363c\" data-element_type=\"widget\" data-widget_type=\"heading.default\">\n\t\t\t\t\t<h2 class=\"elementor-heading-title elementor-size-default\">DOSIMETRIC MONITORING OF WORKERS UNDER IONIZING RADIATION IN CAMEROON<\/h2>\t\t\t\t<\/div>\n\t\t\t\t<\/div>\n\t\t<div class=\"elementor-element elementor-element-d2737b1 e-flex e-con-boxed e-con e-parent\" data-id=\"d2737b1\" data-element_type=\"container\">\n\t\t\t\t\t<div class=\"e-con-inner\">\n\t\t\t\t<div class=\"elementor-element elementor-element-d743855 elementor-widget elementor-widget-heading\" data-id=\"d743855\" data-element_type=\"widget\" data-widget_type=\"heading.default\">\n\t\t\t\t\t<h4 class=\"elementor-heading-title elementor-size-default\">What is a dosimeter? <\/h4>\t\t\t\t<\/div>\n\t\t\t\t<div class=\"elementor-element elementor-element-487f63a elementor-widget elementor-widget-text-editor\" data-id=\"487f63a\" data-element_type=\"widget\" data-widget_type=\"text-editor.default\">\n\t\t\t\t\t\t\t\t\t<p>A dosimeter is a device used to precisely measure the dose received after ionizing radiation exposure by an individual\/technician\/radiologist\u2026 during professional or other activities related.<\/p>\t\t\t\t\t\t\t\t<\/div>\n\t\t\t\t\t<\/div>\n\t\t\t\t<\/div>\n\t\t<div class=\"elementor-element elementor-element-7bedb9d e-flex e-con-boxed e-con e-parent\" data-id=\"7bedb9d\" data-element_type=\"container\">\n\t\t\t\t\t<div class=\"e-con-inner\">\n\t\t\t\t<div class=\"elementor-element elementor-element-e8ed81f elementor-widget elementor-widget-heading\" data-id=\"e8ed81f\" data-element_type=\"widget\" data-widget_type=\"heading.default\">\n\t\t\t\t\t<h4 class=\"elementor-heading-title elementor-size-default\">How to wear your dosimeter?  <\/h4>\t\t\t\t<\/div>\n\t\t<div class=\"elementor-element elementor-element-82817fd e-con-full e-grid e-con e-child\" data-id=\"82817fd\" data-element_type=\"container\">\n\t\t<div class=\"elementor-element elementor-element-3d4fde4 e-con-full e-flex e-con e-child\" data-id=\"3d4fde4\" data-element_type=\"container\">\n\t\t\t\t<div class=\"elementor-element elementor-element-b537025 elementor-widget elementor-widget-text-editor\" data-id=\"b537025\" data-element_type=\"widget\" data-widget_type=\"text-editor.default\">\n\t\t\t\t\t\t\t\t\t<p class=\"Textbody\">It is worn at chest level, using the crocodile clip (for workers), or under\u00a0the\u00a0lead\u00a0apron.<\/p>\t\t\t\t\t\t\t\t<\/div>\n\t\t\t\t<div class=\"elementor-element elementor-element-2bd0186 elementor-widget elementor-widget-image\" data-id=\"2bd0186\" data-element_type=\"widget\" data-widget_type=\"image.default\">\n\t\t\t\t\t\t\t\t\t\t\t\t\t\t\t<img fetchpriority=\"high\" decoding=\"async\" width=\"1024\" height=\"741\" src=\"https:\/\/asran.itechsarl.com\/wp-content\/uploads\/2025\/09\/laboratoire-de-dossimetrie-de-lasran-fr.png\" class=\"attachment-large size-large wp-image-729\" alt=\"\" \/>\t\t\t\t\t\t\t\t\t\t\t\t\t\t\t<\/div>\n\t\t\t\t<\/div>\n\t\t<div class=\"elementor-element elementor-element-b00b234 e-con-full e-flex e-con e-child\" data-id=\"b00b234\" data-element_type=\"container\">\n\t\t\t\t<div class=\"elementor-element elementor-element-989ad4a elementor-widget elementor-widget-image\" data-id=\"989ad4a\" data-element_type=\"widget\" data-widget_type=\"image.default\">\n\t\t\t\t\t\t\t\t\t\t\t\t\t\t\t<img decoding=\"async\" width=\"240\" height=\"300\" src=\"https:\/\/asran.itechsarl.com\/wp-content\/uploads\/2025\/09\/laboratoire-de-dossimetrie-de-lasran-2-fr.png\" class=\"attachment-medium size-medium wp-image-728\" alt=\"\" \/>\t\t\t\t\t\t\t\t\t\t\t\t\t\t\t<\/div>\n\t\t\t\t<\/div>\n\t\t\t\t<\/div>\n\t\t\t\t\t<\/div>\n\t\t\t\t<\/div>\n\t\t<div class=\"elementor-element elementor-element-13ebeb5 e-flex e-con-boxed e-con e-parent\" data-id=\"13ebeb5\" data-element_type=\"container\">\n\t\t\t\t\t<div class=\"e-con-inner\">\n\t\t\t\t<div class=\"elementor-element elementor-element-b2262a0 elementor-widget elementor-widget-heading\" data-id=\"b2262a0\" data-element_type=\"widget\" data-widget_type=\"heading.default\">\n\t\t\t\t\t<h4 class=\"elementor-heading-title elementor-size-default\">Inspection practice and frequency <\/h4>\t\t\t\t<\/div>\n\t\t<div class=\"elementor-element elementor-element-1a85f13 e-con-full e-flex e-con e-child\" data-id=\"1a85f13\" data-element_type=\"container\">\n\t\t<div class=\"elementor-element elementor-element-9832b02 e-con-full e-flex e-con e-child\" data-id=\"9832b02\" data-element_type=\"container\">\n\t\t\t\t<div class=\"elementor-element elementor-element-b90bd74 elementor-view-default elementor-widget elementor-widget-icon\" data-id=\"b90bd74\" data-element_type=\"widget\" data-widget_type=\"icon.default\">\n\t\t\t\t\t\t\t<div class=\"elementor-icon-wrapper\">\n\t\t\t<div class=\"elementor-icon\">\n\t\t\t<svg aria-hidden=\"true\" class=\"e-font-icon-svg e-fas-arrow-right\" viewbox=\"0 0 448 512\" xmlns=\"http:\/\/www.w3.org\/2000\/svg\"><path d=\"M190.5 66.9l22.2-22.2c9.4-9.4 24.6-9.4 33.9 0L441 239c9.4 9.4 9.4 24.6 0 33.9L246.6 467.3c-9.4 9.4-24.6 9.4-33.9 0l-22.2-22.2c-9.5-9.5-9.3-25 .4-34.3L311.4 296H24c-13.3 0-24-10.7-24-24v-32c0-13.3 10.7-24 24-24h287.4L190.9 101.2c-9.8-9.3-10-24.8-.4-34.3z\"><\/path><\/svg>\t\t\t<\/div>\n\t\t<\/div>\n\t\t\t\t\t\t<\/div>\n\t\t\t\t<\/div>\n\t\t<div class=\"elementor-element elementor-element-49fd23a e-con-full e-flex e-con e-child\" data-id=\"49fd23a\" data-element_type=\"container\">\n\t\t\t\t<div class=\"elementor-element elementor-element-a494ac1 elementor-widget elementor-widget-text-editor\" data-id=\"a494ac1\" data-element_type=\"widget\" data-widget_type=\"text-editor.default\">\n\t\t\t\t\t\t\t\t\t<p>You, as a professional worker, are given a dosimeter that you wear for a well-defined period mentioned on the dosimeter (monthly or quarterly), during working hours under ionizing radiations.\u00a0<\/p>\t\t\t\t\t\t\t\t<\/div>\n\t\t\t\t<\/div>\n\t\t\t\t<\/div>\n\t\t<div class=\"elementor-element elementor-element-2209098 e-con-full e-flex e-con e-child\" data-id=\"2209098\" data-element_type=\"container\">\n\t\t<div class=\"elementor-element elementor-element-825a2b8 e-con-full e-flex e-con e-child\" data-id=\"825a2b8\" data-element_type=\"container\">\n\t\t\t\t<div class=\"elementor-element elementor-element-03521fc elementor-view-default elementor-widget elementor-widget-icon\" data-id=\"03521fc\" data-element_type=\"widget\" data-widget_type=\"icon.default\">\n\t\t\t\t\t\t\t<div class=\"elementor-icon-wrapper\">\n\t\t\t<div class=\"elementor-icon\">\n\t\t\t<svg aria-hidden=\"true\" class=\"e-font-icon-svg e-fas-arrow-right\" viewbox=\"0 0 448 512\" xmlns=\"http:\/\/www.w3.org\/2000\/svg\"><path d=\"M190.5 66.9l22.2-22.2c9.4-9.4 24.6-9.4 33.9 0L441 239c9.4 9.4 9.4 24.6 0 33.9L246.6 467.3c-9.4 9.4-24.6 9.4-33.9 0l-22.2-22.2c-9.5-9.5-9.3-25 .4-34.3L311.4 296H24c-13.3 0-24-10.7-24-24v-32c0-13.3 10.7-24 24-24h287.4L190.9 101.2c-9.8-9.3-10-24.8-.4-34.3z\"><\/path><\/svg>\t\t\t<\/div>\n\t\t<\/div>\n\t\t\t\t\t\t<\/div>\n\t\t\t\t<\/div>\n\t\t<div class=\"elementor-element elementor-element-60e5177 e-con-full e-flex e-con e-child\" data-id=\"60e5177\" data-element_type=\"container\">\n\t\t\t\t<div class=\"elementor-element elementor-element-ab10da3 elementor-widget elementor-widget-text-editor\" data-id=\"ab10da3\" data-element_type=\"widget\" data-widget_type=\"text-editor.default\">\n\t\t\t\t\t\t\t\t\t<p>You return the dosimeter after the wearing period.<\/p>\t\t\t\t\t\t\t\t<\/div>\n\t\t\t\t<\/div>\n\t\t\t\t<\/div>\n\t\t<div class=\"elementor-element elementor-element-3fdcd24 e-con-full e-flex e-con e-child\" data-id=\"3fdcd24\" data-element_type=\"container\">\n\t\t<div class=\"elementor-element elementor-element-970e67f e-con-full e-flex e-con e-child\" data-id=\"970e67f\" data-element_type=\"container\">\n\t\t\t\t<div class=\"elementor-element elementor-element-0098a06 elementor-view-default elementor-widget elementor-widget-icon\" data-id=\"0098a06\" data-element_type=\"widget\" data-widget_type=\"icon.default\">\n\t\t\t\t\t\t\t<div class=\"elementor-icon-wrapper\">\n\t\t\t<div class=\"elementor-icon\">\n\t\t\t<svg aria-hidden=\"true\" class=\"e-font-icon-svg e-fas-arrow-right\" viewbox=\"0 0 448 512\" xmlns=\"http:\/\/www.w3.org\/2000\/svg\"><path d=\"M190.5 66.9l22.2-22.2c9.4-9.4 24.6-9.4 33.9 0L441 239c9.4 9.4 9.4 24.6 0 33.9L246.6 467.3c-9.4 9.4-24.6 9.4-33.9 0l-22.2-22.2c-9.5-9.5-9.3-25 .4-34.3L311.4 296H24c-13.3 0-24-10.7-24-24v-32c0-13.3 10.7-24 24-24h287.4L190.9 101.2c-9.8-9.3-10-24.8-.4-34.3z\"><\/path><\/svg>\t\t\t<\/div>\n\t\t<\/div>\n\t\t\t\t\t\t<\/div>\n\t\t\t\t<\/div>\n\t\t<div class=\"elementor-element elementor-element-67f42e9 e-con-full e-flex e-con e-child\" data-id=\"67f42e9\" data-element_type=\"container\">\n\t\t\t\t<div class=\"elementor-element elementor-element-7036515 elementor-widget elementor-widget-text-editor\" data-id=\"7036515\" data-element_type=\"widget\" data-widget_type=\"text-editor.default\">\n\t\t\t\t\t\t\t\t\t<p>This dosimeter will be analyzed in the dosimetry laboratory to measure the dose you may have received, and thus:  protect yourself from the risks linked to handling or being exposed to ionizing radiation ( Radiation Protection Measures ),and take urgent measures for your protection.\u00a0<\/p>\t\t\t\t\t\t\t\t<\/div>\n\t\t\t\t<\/div>\n\t\t\t\t<\/div>\n\t\t<div class=\"elementor-element elementor-element-ae441b4 e-con-full e-flex e-con e-child\" data-id=\"ae441b4\" data-element_type=\"container\">\n\t\t<div class=\"elementor-element elementor-element-180abaa e-con-full e-flex e-con e-child\" data-id=\"180abaa\" data-element_type=\"container\">\n\t\t\t\t<div class=\"elementor-element elementor-element-8a74c86 elementor-view-default elementor-widget elementor-widget-icon\" data-id=\"8a74c86\" data-element_type=\"widget\" data-widget_type=\"icon.default\">\n\t\t\t\t\t\t\t<div class=\"elementor-icon-wrapper\">\n\t\t\t<div class=\"elementor-icon\">\n\t\t\t<svg aria-hidden=\"true\" class=\"e-font-icon-svg e-fas-arrow-right\" viewbox=\"0 0 448 512\" xmlns=\"http:\/\/www.w3.org\/2000\/svg\"><path d=\"M190.5 66.9l22.2-22.2c9.4-9.4 24.6-9.4 33.9 0L441 239c9.4 9.4 9.4 24.6 0 33.9L246.6 467.3c-9.4 9.4-24.6 9.4-33.9 0l-22.2-22.2c-9.5-9.5-9.3-25 .4-34.3L311.4 296H24c-13.3 0-24-10.7-24-24v-32c0-13.3 10.7-24 24-24h287.4L190.9 101.2c-9.8-9.3-10-24.8-.4-34.3z\"><\/path><\/svg>\t\t\t<\/div>\n\t\t<\/div>\n\t\t\t\t\t\t<\/div>\n\t\t\t\t<\/div>\n\t\t<div class=\"elementor-element elementor-element-0c06ce6 e-con-full e-flex e-con e-child\" data-id=\"0c06ce6\" data-element_type=\"container\">\n\t\t\t\t<div class=\"elementor-element elementor-element-df745be elementor-widget elementor-widget-text-editor\" data-id=\"df745be\" data-element_type=\"widget\" data-widget_type=\"text-editor.default\">\n\t\t\t\t\t\t\t\t\t<p>Dosimetric monitoring must be regular.<\/p>\t\t\t\t\t\t\t\t<\/div>\n\t\t\t\t<\/div>\n\t\t\t\t<\/div>\n\t\t\t\t\t<\/div>\n\t\t\t\t<\/div>\n\t\t<div class=\"elementor-element elementor-element-d59ca9f e-flex e-con-boxed e-con e-parent\" data-id=\"d59ca9f\" data-element_type=\"container\" data-settings=\"{&quot;background_background&quot;:&quot;gradient&quot;}\">\n\t\t\t\t\t<div class=\"e-con-inner\">\n\t\t\t\t<div class=\"elementor-element elementor-element-75c41b4 elementor-widget elementor-widget-heading\" data-id=\"75c41b4\" data-element_type=\"widget\" data-widget_type=\"heading.default\">\n\t\t\t\t\t<h3 class=\"elementor-heading-title elementor-size-default\">Various field of application ?<\/h3>\t\t\t\t<\/div>\n\t\t<div class=\"elementor-element elementor-element-a798df1 e-con-full e-flex e-con e-child\" data-id=\"a798df1\" data-element_type=\"container\">\n\t\t\t\t<div class=\"elementor-element elementor-element-7c11d9d elementor-widget elementor-widget-heading\" data-id=\"7c11d9d\" data-element_type=\"widget\" data-widget_type=\"heading.default\">\n\t\t\t\t\t<h4 class=\"elementor-heading-title elementor-size-default\">Medical Facilities<\/h4>\t\t\t\t<\/div>\n\t\t\t\t<div class=\"elementor-element elementor-element-2dddf0e elementor-widget elementor-widget-text-editor\" data-id=\"2dddf0e\" data-element_type=\"widget\" data-widget_type=\"text-editor.default\">\n\t\t\t\t\t\t\t\t\t<ul><li>Radiotherapy<\/li><\/ul>\t\t\t\t\t\t\t\t<\/div>\n\t\t\t\t<div class=\"elementor-element elementor-element-ce29bf4 elementor-widget elementor-widget-text-editor\" data-id=\"ce29bf4\" data-element_type=\"widget\" data-widget_type=\"text-editor.default\">\n\t\t\t\t\t\t\t\t\t<ul><li>Fluoroscopy\/Cardiology (Interventional Radiology)\u00a0<\/li><\/ul>\t\t\t\t\t\t\t\t<\/div>\n\t\t\t\t<div class=\"elementor-element elementor-element-87a16ce elementor-widget elementor-widget-text-editor\" data-id=\"87a16ce\" data-element_type=\"widget\" data-widget_type=\"text-editor.default\">\n\t\t\t\t\t\t\t\t\t<ul><li>CT (Scanner)\u00a0<\/li><\/ul>\t\t\t\t\t\t\t\t<\/div>\n\t\t\t\t<div class=\"elementor-element elementor-element-94dc6e0 elementor-widget elementor-widget-text-editor\" data-id=\"94dc6e0\" data-element_type=\"widget\" data-widget_type=\"text-editor.default\">\n\t\t\t\t\t\t\t\t\t<ul><li>Conventional Radiology\u00a0<\/li><\/ul>\t\t\t\t\t\t\t\t<\/div>\n\t\t\t\t<div class=\"elementor-element elementor-element-364e7f6 elementor-widget elementor-widget-text-editor\" data-id=\"364e7f6\" data-element_type=\"widget\" data-widget_type=\"text-editor.default\">\n\t\t\t\t\t\t\t\t\t<ul><li>Mammography\u00a0<\/li><\/ul>\t\t\t\t\t\t\t\t<\/div>\n\t\t\t\t<div class=\"elementor-element elementor-element-e05646d elementor-widget elementor-widget-text-editor\" data-id=\"e05646d\" data-element_type=\"widget\" data-widget_type=\"text-editor.default\">\n\t\t\t\t\t\t\t\t\t<ul><li>Dental Radiology<\/li><\/ul>\t\t\t\t\t\t\t\t<\/div>\n\t\t\t\t<\/div>\n\t\t<div class=\"elementor-element elementor-element-df64aae e-con-full e-flex e-con e-child\" data-id=\"df64aae\" data-element_type=\"container\">\n\t\t\t\t<div class=\"elementor-element elementor-element-6ea5628 elementor-widget elementor-widget-heading\" data-id=\"6ea5628\" data-element_type=\"widget\" data-widget_type=\"heading.default\">\n\t\t\t\t\t<h4 class=\"elementor-heading-title elementor-size-default\">Industrial facilities\/Research  <\/h4>\t\t\t\t<\/div>\n\t\t\t\t<div class=\"elementor-element elementor-element-41ac2b2 elementor-widget elementor-widget-text-editor\" data-id=\"41ac2b2\" data-element_type=\"widget\" data-widget_type=\"text-editor.default\">\n\t\t\t\t\t\t\t\t\t<ul><li>Industrial Radiography (Gamma et RX)\u00a0<\/li><\/ul>\t\t\t\t\t\t\t\t<\/div>\n\t\t\t\t<div class=\"elementor-element elementor-element-12cfc4d elementor-widget elementor-widget-text-editor\" data-id=\"12cfc4d\" data-element_type=\"widget\" data-widget_type=\"text-editor.default\">\n\t\t\t\t\t\t\t\t\t<ul><li>Nuclear Gauges \/ Level Gauges\u00a0<\/li><\/ul>\t\t\t\t\t\t\t\t<\/div>\n\t\t\t\t<div class=\"elementor-element elementor-element-1efc8f5 elementor-widget elementor-widget-text-editor\" data-id=\"1efc8f5\" data-element_type=\"widget\" data-widget_type=\"text-editor.default\">\n\t\t\t\t\t\t\t\t\t<ul><li>Other industrial applications\u00a0<\/li><\/ul>\t\t\t\t\t\t\t\t<\/div>\n\t\t\t\t<div class=\"elementor-element elementor-element-a02f65a elementor-widget elementor-widget-text-editor\" data-id=\"a02f65a\" data-element_type=\"widget\" data-widget_type=\"text-editor.default\">\n\t\t\t\t\t\t\t\t\t<ul><li>Research\u00a0<\/li><\/ul>\t\t\t\t\t\t\t\t<\/div>\n\t\t\t\t<div class=\"elementor-element elementor-element-4e93777 elementor-widget elementor-widget-text-editor\" data-id=\"4e93777\" data-element_type=\"widget\" data-widget_type=\"text-editor.default\">\n\t\t\t\t\t\t\t\t\t<ul><li>Laboratories\u00a0<\/li><\/ul>\t\t\t\t\t\t\t\t<\/div>\n\t\t\t\t<\/div>\n\t\t\t\t\t<\/div>\n\t\t\t\t<\/div>\n\t\t<div class=\"elementor-element elementor-element-34cb825 e-flex e-con-boxed e-con e-parent\" data-id=\"34cb825\" data-element_type=\"container\">\n\t\t\t\t\t<div class=\"e-con-inner\">\n\t\t<div class=\"elementor-element elementor-element-4098b14 e-con-full e-flex e-con e-child\" data-id=\"4098b14\" data-element_type=\"container\">\n\t\t\t\t<div class=\"elementor-element elementor-element-9ee933a elementor-widget elementor-widget-heading\" data-id=\"9ee933a\" data-element_type=\"widget\" data-widget_type=\"heading.default\">\n\t\t\t\t\t<h4 class=\"elementor-heading-title elementor-size-default\">Quelle R\u00e8glementation Nationale r\u00e9git le Suivi Dosim\u00e9trique des travailleurs expos\u00e9s au Cameroun ? <\/h4>\t\t\t\t<\/div>\n\t\t\t\t<div class=\"elementor-element elementor-element-fca40f9 elementor-widget elementor-widget-text-editor\" data-id=\"fca40f9\" data-element_type=\"widget\" data-widget_type=\"text-editor.default\">\n\t\t\t\t\t\t\t\t\t<p><strong>In accordance with the NATIONAL REGULATIONS IN FORCE <em>according to the provisions of<\/em><br \/>\u2018Articles 26 to 29 of the Law No 2019\/012 of July 19, 2019 of ASRAN\u2019<\/strong>\u00a0\u00a0<\/p><p>establishing the standards relating to the protection of people, property and the environment against risks associated with ionizing radiation sources, law Promulgated by the President of the Republic which stipulates that:\u00a0<\/p><p>All workers exposed to ionizing radiation as part of their professional activity must be <em>subject to individual dosimetric monitoring.<\/em><\/p>\t\t\t\t\t\t\t\t<\/div>\n\t\t\t\t<\/div>\n\t\t\t\t\t<\/div>\n\t\t\t\t<\/div>\n\t\t<div class=\"elementor-element elementor-element-77bfc41 e-flex e-con-boxed e-con e-parent\" data-id=\"77bfc41\" data-element_type=\"container\">\n\t\t\t\t\t<div class=\"e-con-inner\">\n\t\t\t\t<div class=\"elementor-element elementor-element-8c97ecb elementor-widget elementor-widget-heading\" data-id=\"8c97ecb\" data-element_type=\"widget\" data-widget_type=\"heading.default\">\n\t\t\t\t\t<h4 class=\"elementor-heading-title elementor-size-default\">To ensure optimal monitoring, wearing a dosimeter is mandatory and must meet several conditions.<\/h4>\t\t\t\t<\/div>\n\t\t\t\t\t<\/div>\n\t\t\t\t<\/div>\n\t\t<div class=\"elementor-element elementor-element-79b42f3 e-flex e-con-boxed e-con e-parent\" data-id=\"79b42f3\" data-element_type=\"container\" data-settings=\"{&quot;background_background&quot;:&quot;classic&quot;}\">\n\t\t\t\t\t<div class=\"e-con-inner\">\n\t\t\t\t<div class=\"elementor-element elementor-element-55d1661 elementor-widget elementor-widget-text-editor\" data-id=\"55d1661\" data-element_type=\"widget\" data-widget_type=\"text-editor.default\">\n\t\t\t\t\t\t\t\t\t<p class=\"Textbody\">X-rays and radioactive sources represent a danger to humans.   For this reason, it is very necessary to carry out rigorous and permanent monitoring of all exposed workers.<\/p>\t\t\t\t\t\t\t\t<\/div>\n\t\t\t\t\t<\/div>\n\t\t\t\t<\/div>\n\t\t<div class=\"elementor-element elementor-element-cbd0a9b e-flex e-con-boxed e-con e-parent\" data-id=\"cbd0a9b\" data-element_type=\"container\">\n\t\t\t\t\t<div class=\"e-con-inner\">\n\t\t<div class=\"elementor-element elementor-element-2b1db88 e-con-full e-flex e-con e-child\" data-id=\"2b1db88\" data-element_type=\"container\">\n\t\t\t\t<div class=\"elementor-element elementor-element-3f6c511 elementor-widget elementor-widget-heading\" data-id=\"3f6c511\" data-element_type=\"widget\" data-widget_type=\"heading.default\">\n\t\t\t\t\t<h4 class=\"elementor-heading-title elementor-size-default\">FAILURE\/IRREGULARITY OF AUTHORIZATION HOLDERS (PRACTITIANS) TO PERFORM DOSIMETRIC MONITORING OF THEIR EXPOSED WORKERS<\/h4>\t\t\t\t<\/div>\n\t\t\t\t<\/div>\n\t\t<div class=\"elementor-element elementor-element-f10d1ec e-con-full e-flex e-con e-child\" data-id=\"f10d1ec\" data-element_type=\"container\">\n\t\t\t\t<div class=\"elementor-element elementor-element-bd6ad36 elementor-widget elementor-widget-heading\" data-id=\"bd6ad36\" data-element_type=\"widget\" data-widget_type=\"heading.default\">\n\t\t\t\t\t<h4 class=\"elementor-heading-title elementor-size-default\">Sanction<\/h4>\t\t\t\t<\/div>\n\t\t\t\t<div class=\"elementor-element elementor-element-3fbfc04 elementor-widget elementor-widget-text-editor\" data-id=\"3fbfc04\" data-element_type=\"widget\" data-widget_type=\"text-editor.default\">\n\t\t\t\t\t\t\t\t\t<strong>In accordance with <span class=\"text-danger\">the  NATIONAL REGULATIONS IN FORCE<\/span>according to the provisions of <span class=\"text-danger\">\u2018Sections 104, a) and 105, 2) of the Nuclear Law<\/span> No 2019\/012 of July 19, 2019 <span class=\"text-danger\">on Radioprotection\u2019<\/span><\/strong>\t\t\t\t\t\t\t\t<\/div>\n\t\t<div class=\"elementor-element elementor-element-2db692f e-con-full e-grid e-con e-child\" data-id=\"2db692f\" data-element_type=\"container\">\n\t\t<div class=\"elementor-element elementor-element-9179d94 e-con-full e-flex e-con e-child\" data-id=\"9179d94\" data-element_type=\"container\">\n\t\t\t\t<div class=\"elementor-element elementor-element-8b90db2 elementor-widget elementor-widget-heading\" data-id=\"8b90db2\" data-element_type=\"widget\" data-widget_type=\"heading.default\">\n\t\t\t\t\t<h6 class=\"elementor-heading-title elementor-size-default\">SECTION 105 :<\/h6>\t\t\t\t<\/div>\n\t\t\t\t<div class=\"elementor-element elementor-element-4f84d28 elementor-widget elementor-widget-text-editor\" data-id=\"4f84d28\" data-element_type=\"widget\" data-widget_type=\"text-editor.default\">\n\t\t\t\t\t\t\t\t\tShall be punished with <strong><span class=\"text-danger\">IMPRISONMENT<\/span><\/strong> of five (05) years to ten (10) years and a\n<strong><span class=\"text-danger\">FINE<\/span><\/strong> of one million (1,000,000) to ten million (10,000,000) CFA francs anyone who: <br>\nViolates the regulatory provisions relating to the limits of exposure doses for workers and the public, as well as the doses of release into the environment.\t\t\t\t\t\t\t\t<\/div>\n\t\t\t\t<\/div>\n\t\t<div class=\"elementor-element elementor-element-dd36823 e-con-full e-flex e-con e-child\" data-id=\"dd36823\" data-element_type=\"container\">\n\t\t\t\t<div class=\"elementor-element elementor-element-800dfcd elementor-widget elementor-widget-heading\" data-id=\"800dfcd\" data-element_type=\"widget\" data-widget_type=\"heading.default\">\n\t\t\t\t\t<h6 class=\"elementor-heading-title elementor-size-default\">SECTION 105 :<\/h6>\t\t\t\t<\/div>\n\t\t\t\t<div class=\"elementor-element elementor-element-86423d1 elementor-widget elementor-widget-text-editor\" data-id=\"86423d1\" data-element_type=\"widget\" data-widget_type=\"text-editor.default\">\n\t\t\t\t\t\t\t\t\t<p>Shall be punished with <strong><span class=\"text-danger\">IMPRISONMENT<\/span><\/strong> of five (05) years to ten (10) years and a<br \/><strong><span class=\"text-danger\">FINE<\/span><\/strong> of one million (1,000,000) to ten million (10,000,000) CFA francs anyone who:<br \/>Through imprudence, clumsiness, negligence or failure to comply with the regulations and conditions of the authorization, causes exposure to ionizing radiation or a radiological accident.<\/p>\t\t\t\t\t\t\t\t<\/div>\n\t\t\t\t<\/div>\n\t\t\t\t<\/div>\n\t\t\t\t<\/div>\n\t\t\t\t\t<\/div>\n\t\t\t\t<\/div>\n\t\t\t\t<\/div>","protected":false},"excerpt":{"rendered":"<p class=\"text-justify mb-2\">SUIVI DOSIMETRIQUE DES TRAVAILLEURS SOUS RAYONNEMENTS IONISANTS AU CAMEROUN Qu\u2019est-ce qu\u2019un Dosim\u00e8tre ? Un dosim\u00e8tre est un appareil permettant de mesurer avec pr\u00e9cision la dose re\u00e7ue par un individu\/manipulateur\/radiologue apr\u00e8s une exposition \u00e0 un rayonnement ionisant lors de ses activit\u00e9s professionnelles ou autres Comment Porter [&hellip;]<\/p>","protected":false},"author":1,"featured_media":0,"parent":0,"menu_order":0,"comment_status":"closed","ping_status":"closed","template":"","meta":{"ngg_post_thumbnail":0,"footnotes":""},"class_list":["post-720","page","type-page","status-publish","hentry"],"_links":{"self":[{"href":"https:\/\/asran.itechsarl.com\/en\/wp-json\/wp\/v2\/pages\/720","targetHints":{"allow":["GET"]}}],"collection":[{"href":"https:\/\/asran.itechsarl.com\/en\/wp-json\/wp\/v2\/pages"}],"about":[{"href":"https:\/\/asran.itechsarl.com\/en\/wp-json\/wp\/v2\/types\/page"}],"author":[{"embeddable":true,"href":"https:\/\/asran.itechsarl.com\/en\/wp-json\/wp\/v2\/users\/1"}],"replies":[{"embeddable":true,"href":"https:\/\/asran.itechsarl.com\/en\/wp-json\/wp\/v2\/comments?post=720"}],"version-history":[{"count":19,"href":"https:\/\/asran.itechsarl.com\/en\/wp-json\/wp\/v2\/pages\/720\/revisions"}],"predecessor-version":[{"id":831,"href":"https:\/\/asran.itechsarl.com\/en\/wp-json\/wp\/v2\/pages\/720\/revisions\/831"}],"wp:attachment":[{"href":"https:\/\/asran.itechsarl.com\/en\/wp-json\/wp\/v2\/media?parent=720"}],"curies":[{"name":"wp","href":"https:\/\/api.w.org\/{rel}","templated":true}]}}