{"id":778,"date":"2025-09-26T11:21:20","date_gmt":"2025-09-26T09:21:20","guid":{"rendered":"https:\/\/asran.itechsarl.com\/?page_id=778"},"modified":"2025-09-26T14:23:36","modified_gmt":"2025-09-26T12:23:36","slug":"nucleaire","status":"publish","type":"page","link":"https:\/\/asran.itechsarl.com\/en\/nucleaire\/","title":{"rendered":"Nucleaire"},"content":{"rendered":"<div data-elementor-type=\"wp-page\" data-elementor-id=\"778\" class=\"elementor elementor-778\" data-elementor-post-type=\"page\">\n\t\t\t\t<div class=\"elementor-element elementor-element-af9da70 e-con-full e-flex e-con e-parent\" data-id=\"af9da70\" data-element_type=\"container\" data-settings=\"{&quot;background_background&quot;:&quot;classic&quot;}\">\n\t\t<div class=\"elementor-element elementor-element-60b09ea e-flex e-con-boxed e-con e-child\" data-id=\"60b09ea\" data-element_type=\"container\" data-settings=\"{&quot;background_background&quot;:&quot;gradient&quot;}\">\n\t\t\t\t\t<div class=\"e-con-inner\">\n\t\t\t\t<div class=\"elementor-element elementor-element-48b363c elementor-widget elementor-widget-heading\" data-id=\"48b363c\" data-element_type=\"widget\" data-widget_type=\"heading.default\">\n\t\t\t\t\t<h2 class=\"elementor-heading-title elementor-size-default\">RADIATION, APPLICATIONS OF RADIATION, DETECTION AND MEASUREMENT OF IONIZING RADIATION<\/h2>\t\t\t\t<\/div>\n\t\t\t\t\t<\/div>\n\t\t\t\t<\/div>\n\t\t<div class=\"elementor-element elementor-element-c5d7a5c e-flex e-con-boxed e-con e-child\" data-id=\"c5d7a5c\" data-element_type=\"container\">\n\t\t\t\t\t<div class=\"e-con-inner\">\n\t\t<div class=\"elementor-element elementor-element-ae441b4 e-con-full e-flex e-con e-child\" data-id=\"ae441b4\" data-element_type=\"container\">\n\t\t\t\t<div class=\"elementor-element elementor-element-f7bc476 elementor-widget elementor-widget-image\" data-id=\"f7bc476\" data-element_type=\"widget\" data-widget_type=\"image.default\">\n\t\t\t\t\t\t\t\t\t\t\t\t\t\t\t<img fetchpriority=\"high\" decoding=\"async\" width=\"1024\" height=\"464\" src=\"https:\/\/asran.itechsarl.com\/wp-content\/uploads\/2025\/09\/Penentration.png\" class=\"attachment-large size-large wp-image-788\" alt=\"\" \/>\t\t\t\t\t\t\t\t\t\t\t\t\t\t\t<\/div>\n\t\t\t\t<\/div>\n\t\t\t\t\t<\/div>\n\t\t\t\t<\/div>\n\t\t\t\t<\/div>\n\t\t<div class=\"elementor-element elementor-element-d2737b1 e-flex e-con-boxed e-con e-parent\" data-id=\"d2737b1\" data-element_type=\"container\">\n\t\t\t\t\t<div class=\"e-con-inner\">\n\t\t\t\t<div class=\"elementor-element elementor-element-d743855 elementor-widget elementor-widget-heading\" data-id=\"d743855\" data-element_type=\"widget\" data-widget_type=\"heading.default\">\n\t\t\t\t\t<h4 class=\"elementor-heading-title elementor-size-default\">IONIZING RADIATION<\/h4>\t\t\t\t<\/div>\n\t\t\t\t<div class=\"elementor-element elementor-element-487f63a elementor-widget elementor-widget-text-editor\" data-id=\"487f63a\" data-element_type=\"widget\" data-widget_type=\"text-editor.default\">\n\t\t\t\t\t\t\t\t\t<p>Radiation is the energy emitted by matter in the form of rays or particles.\u00a0<\/p><p>We distinguish :\u00a0<\/p>\t\t\t\t\t\t\t\t<\/div>\n\t\t<div class=\"elementor-element elementor-element-2833016 e-con-full e-flex e-con e-child\" data-id=\"2833016\" data-element_type=\"container\">\n\t\t<div class=\"elementor-element elementor-element-b00be8d e-con-full e-flex e-con e-child\" data-id=\"b00be8d\" data-element_type=\"container\">\n\t\t\t\t<div class=\"elementor-element elementor-element-3d8e9a6 elementor-view-default elementor-widget elementor-widget-icon\" data-id=\"3d8e9a6\" data-element_type=\"widget\" data-widget_type=\"icon.default\">\n\t\t\t\t\t\t\t<div class=\"elementor-icon-wrapper\">\n\t\t\t<div class=\"elementor-icon\">\n\t\t\t<svg aria-hidden=\"true\" class=\"e-font-icon-svg e-fas-arrow-right\" viewbox=\"0 0 448 512\" xmlns=\"http:\/\/www.w3.org\/2000\/svg\"><path d=\"M190.5 66.9l22.2-22.2c9.4-9.4 24.6-9.4 33.9 0L441 239c9.4 9.4 9.4 24.6 0 33.9L246.6 467.3c-9.4 9.4-24.6 9.4-33.9 0l-22.2-22.2c-9.5-9.5-9.3-25 .4-34.3L311.4 296H24c-13.3 0-24-10.7-24-24v-32c0-13.3 10.7-24 24-24h287.4L190.9 101.2c-9.8-9.3-10-24.8-.4-34.3z\"><\/path><\/svg>\t\t\t<\/div>\n\t\t<\/div>\n\t\t\t\t\t\t<\/div>\n\t\t\t\t<\/div>\n\t\t<div class=\"elementor-element elementor-element-23698fd e-con-full e-flex e-con e-child\" data-id=\"23698fd\" data-element_type=\"container\">\n\t\t\t\t<div class=\"elementor-element elementor-element-a84e125 elementor-widget elementor-widget-text-editor\" data-id=\"a84e125\" data-element_type=\"widget\" data-widget_type=\"text-editor.default\">\n\t\t\t\t\t\t\t\t\t<p>non-ionizing radiation, including white light, radiant heat, radio waves, radar waves, etc.;<\/p>\t\t\t\t\t\t\t\t<\/div>\n\t\t\t\t<\/div>\n\t\t\t\t<\/div>\n\t\t<div class=\"elementor-element elementor-element-177f965 e-con-full e-flex e-con e-child\" data-id=\"177f965\" data-element_type=\"container\">\n\t\t<div class=\"elementor-element elementor-element-adcafab e-con-full e-flex e-con e-child\" data-id=\"adcafab\" data-element_type=\"container\">\n\t\t\t\t<div class=\"elementor-element elementor-element-c885cfe elementor-view-default elementor-widget elementor-widget-icon\" data-id=\"c885cfe\" data-element_type=\"widget\" data-widget_type=\"icon.default\">\n\t\t\t\t\t\t\t<div class=\"elementor-icon-wrapper\">\n\t\t\t<div class=\"elementor-icon\">\n\t\t\t<svg aria-hidden=\"true\" class=\"e-font-icon-svg e-fas-arrow-right\" viewbox=\"0 0 448 512\" xmlns=\"http:\/\/www.w3.org\/2000\/svg\"><path d=\"M190.5 66.9l22.2-22.2c9.4-9.4 24.6-9.4 33.9 0L441 239c9.4 9.4 9.4 24.6 0 33.9L246.6 467.3c-9.4 9.4-24.6 9.4-33.9 0l-22.2-22.2c-9.5-9.5-9.3-25 .4-34.3L311.4 296H24c-13.3 0-24-10.7-24-24v-32c0-13.3 10.7-24 24-24h287.4L190.9 101.2c-9.8-9.3-10-24.8-.4-34.3z\"><\/path><\/svg>\t\t\t<\/div>\n\t\t<\/div>\n\t\t\t\t\t\t<\/div>\n\t\t\t\t<\/div>\n\t\t<div class=\"elementor-element elementor-element-6ec2be4 e-con-full e-flex e-con e-child\" data-id=\"6ec2be4\" data-element_type=\"container\">\n\t\t\t\t<div class=\"elementor-element elementor-element-978c239 elementor-widget elementor-widget-text-editor\" data-id=\"978c239\" data-element_type=\"widget\" data-widget_type=\"text-editor.default\">\n\t\t\t\t\t\t\t\t\t<p class=\"Textbody\">ionizing radiation, the main ones being X-rays, gamma radiation, neutrons, protons, alpha and beta particles, etc.<\/p>\t\t\t\t\t\t\t\t<\/div>\n\t\t\t\t<\/div>\n\t\t\t\t<\/div>\n\t\t<div class=\"elementor-element elementor-element-6d796e5 e-con-full e-flex e-con e-child\" data-id=\"6d796e5\" data-element_type=\"container\">\n\t\t\t\t<div class=\"elementor-element elementor-element-7d9ac7f elementor-widget elementor-widget-image\" data-id=\"7d9ac7f\" data-element_type=\"widget\" data-widget_type=\"image.default\">\n\t\t\t\t\t\t\t\t\t\t\t\t\t\t\t<img decoding=\"async\" width=\"1024\" height=\"570\" src=\"https:\/\/asran.itechsarl.com\/wp-content\/uploads\/2025\/09\/type-de-rayonnements.png\" class=\"attachment-large size-large wp-image-782\" alt=\"\" \/>\t\t\t\t\t\t\t\t\t\t\t\t\t\t\t<\/div>\n\t\t\t\t<\/div>\n\t\t\t\t\t<\/div>\n\t\t\t\t<\/div>\n\t\t<div class=\"elementor-element elementor-element-85bb73d e-flex e-con-boxed e-con e-parent\" data-id=\"85bb73d\" data-element_type=\"container\">\n\t\t\t\t\t<div class=\"e-con-inner\">\n\t\t\t\t<div class=\"elementor-element elementor-element-c0653e7 elementor-widget elementor-widget-heading\" data-id=\"c0653e7\" data-element_type=\"widget\" data-widget_type=\"heading.default\">\n\t\t\t\t\t<h4 class=\"elementor-heading-title elementor-size-default\">Applications of ionizing radiation<\/h4>\t\t\t\t<\/div>\n\t\t\t\t<div class=\"elementor-element elementor-element-d5eff60 elementor-widget elementor-widget-text-editor\" data-id=\"d5eff60\" data-element_type=\"widget\" data-widget_type=\"text-editor.default\">\n\t\t\t\t\t\t\t\t\t<p>Ionizing radiation is radiation capable of ionizing matter, it is emitted by the cosmos, the earth, GRX and radioactive sources.\u00a0<\/p>\t\t\t\t\t\t\t\t<\/div>\n\t\t\t\t<div class=\"elementor-element elementor-element-5767214 elementor-widget elementor-widget-text-editor\" data-id=\"5767214\" data-element_type=\"widget\" data-widget_type=\"text-editor.default\">\n\t\t\t\t\t\t\t\t\t<p class=\"Textbody\">Ionizing radiation has many applications in medicine, agriculture, industry, mining, oil prospecting and exploitation, teaching and research.<\/p>\t\t\t\t\t\t\t\t<\/div>\n\t\t<div class=\"elementor-element elementor-element-2d371da e-con-full e-grid e-con e-child\" data-id=\"2d371da\" data-element_type=\"container\">\n\t\t<div class=\"elementor-element elementor-element-665c2b4 e-con-full e-flex e-con e-child\" data-id=\"665c2b4\" data-element_type=\"container\">\n\t\t\t\t<div class=\"elementor-element elementor-element-6900ed6 elementor-widget elementor-widget-image\" data-id=\"6900ed6\" data-element_type=\"widget\" data-widget_type=\"image.default\">\n\t\t\t\t\t\t\t\t\t\t\t\t\t\t\t<img decoding=\"async\" width=\"437\" height=\"329\" src=\"https:\/\/asran.itechsarl.com\/wp-content\/uploads\/2025\/09\/application-medicale.png\" class=\"attachment-large size-large wp-image-784\" alt=\"\" \/>\t\t\t\t\t\t\t\t\t\t\t\t\t\t\t<\/div>\n\t\t\t\t<div class=\"elementor-element elementor-element-f45b315 elementor-widget elementor-widget-heading\" data-id=\"f45b315\" data-element_type=\"widget\" data-widget_type=\"heading.default\">\n\t\t\t\t\t<h6 class=\"elementor-heading-title elementor-size-default\">APPLICATION M\u00c9DICALE : ARCEAU DU BLOC OP\u00c9RATOIRE UTILISANT UN GRX<\/h6>\t\t\t\t<\/div>\n\t\t\t\t<\/div>\n\t\t<div class=\"elementor-element elementor-element-1f0a200 e-con-full e-flex e-con e-child\" data-id=\"1f0a200\" data-element_type=\"container\">\n\t\t\t\t<div class=\"elementor-element elementor-element-50facf6 elementor-widget elementor-widget-image\" data-id=\"50facf6\" data-element_type=\"widget\" data-widget_type=\"image.default\">\n\t\t\t\t\t\t\t\t\t\t\t\t\t\t\t<img loading=\"lazy\" decoding=\"async\" width=\"347\" height=\"328\" src=\"https:\/\/asran.itechsarl.com\/wp-content\/uploads\/2025\/09\/application-industrielle.png\" class=\"attachment-large size-large wp-image-783\" alt=\"\" \/>\t\t\t\t\t\t\t\t\t\t\t\t\t\t\t<\/div>\n\t\t\t\t<div class=\"elementor-element elementor-element-2bba59b elementor-widget elementor-widget-heading\" data-id=\"2bba59b\" data-element_type=\"widget\" data-widget_type=\"heading.default\">\n\t\t\t\t\t<h6 class=\"elementor-heading-title elementor-size-default\">APPLICATION INDUSTRIELLE : PROJECTION DE SOURCE POUR LA RADIOGRAPHIE INDUSTRIELLE<\/h6>\t\t\t\t<\/div>\n\t\t\t\t<\/div>\n\t\t<div class=\"elementor-element elementor-element-f1fa05a e-con-full e-flex e-con e-child\" data-id=\"f1fa05a\" data-element_type=\"container\">\n\t\t\t\t<div class=\"elementor-element elementor-element-da97d9a elementor-widget elementor-widget-image\" data-id=\"da97d9a\" data-element_type=\"widget\" data-widget_type=\"image.default\">\n\t\t\t\t\t\t\t\t\t\t\t\t\t\t\t<img loading=\"lazy\" decoding=\"async\" width=\"504\" height=\"333\" src=\"https:\/\/asran.itechsarl.com\/wp-content\/uploads\/2025\/09\/conservation.png\" class=\"attachment-large size-large wp-image-785\" alt=\"\" \/>\t\t\t\t\t\t\t\t\t\t\t\t\t\t\t<\/div>\n\t\t\t\t<div class=\"elementor-element elementor-element-c41f000 elementor-widget elementor-widget-heading\" data-id=\"c41f000\" data-element_type=\"widget\" data-widget_type=\"heading.default\">\n\t\t\t\t\t<h6 class=\"elementor-heading-title elementor-size-default\">(CONSERVATION DES SEMENCES PAR IRRADIATION GAMMA)<\/h6>\t\t\t\t<\/div>\n\t\t\t\t<\/div>\n\t\t<div class=\"elementor-element elementor-element-8ef55ec e-con-full e-flex e-con e-child\" data-id=\"8ef55ec\" data-element_type=\"container\">\n\t\t\t\t<div class=\"elementor-element elementor-element-f435fde elementor-widget elementor-widget-image\" data-id=\"f435fde\" data-element_type=\"widget\" data-widget_type=\"image.default\">\n\t\t\t\t\t\t\t\t\t\t\t\t\t\t\t<img loading=\"lazy\" decoding=\"async\" width=\"467\" height=\"329\" src=\"https:\/\/asran.itechsarl.com\/wp-content\/uploads\/2025\/09\/source-radioactive.png\" class=\"attachment-large size-large wp-image-786\" alt=\"\" \/>\t\t\t\t\t\t\t\t\t\t\t\t\t\t\t<\/div>\n\t\t\t\t<div class=\"elementor-element elementor-element-05f7c63 elementor-widget elementor-widget-heading\" data-id=\"05f7c63\" data-element_type=\"widget\" data-widget_type=\"heading.default\">\n\t\t\t\t\t<h6 class=\"elementor-heading-title elementor-size-default\">SOURCES RADIOACTIVES SERVANT D\u2019\u00c9TALONS POUR DES SYST\u00c8MES DE D\u00c9TECTION DANS L\u2019ENSEIGNEMENT ET LA RECHERCHE<\/h6>\t\t\t\t<\/div>\n\t\t\t\t<\/div>\n\t\t\t\t<\/div>\n\t\t\t\t\t<\/div>\n\t\t\t\t<\/div>\n\t\t<div class=\"elementor-element elementor-element-13ebeb5 e-flex e-con-boxed e-con e-parent\" data-id=\"13ebeb5\" data-element_type=\"container\">\n\t\t\t\t\t<div class=\"e-con-inner\">\n\t\t\t\t<div class=\"elementor-element elementor-element-b2262a0 elementor-widget elementor-widget-heading\" data-id=\"b2262a0\" data-element_type=\"widget\" data-widget_type=\"heading.default\">\n\t\t\t\t\t<h4 class=\"elementor-heading-title elementor-size-default\">Types of radiation and penetrating power<\/h4>\t\t\t\t<\/div>\n\t\t\t\t<div class=\"elementor-element elementor-element-29966d9 elementor-widget elementor-widget-text-editor\" data-id=\"29966d9\" data-element_type=\"widget\" data-widget_type=\"text-editor.default\">\n\t\t\t\t\t\t\t\t\t<p class=\"Textbody\">There are five (05) main types of ionizing radiation: alpha particles, beta particles, X-rays, gamma rays and neutrons.<\/p>\t\t\t\t\t\t\t\t<\/div>\n\t\t\t\t<div class=\"elementor-element elementor-element-95a5865 elementor-widget elementor-widget-text-editor\" data-id=\"95a5865\" data-element_type=\"widget\" data-widget_type=\"text-editor.default\">\n\t\t\t\t\t\t\t\t\t<p>The penetrating power of ionizing radiation is illustrated below :<\/p>\t\t\t\t\t\t\t\t<\/div>\n\t\t\t\t\t<\/div>\n\t\t\t\t<\/div>\n\t\t<div class=\"elementor-element elementor-element-34cb825 e-flex e-con-boxed e-con e-parent\" data-id=\"34cb825\" data-element_type=\"container\">\n\t\t\t\t\t<div class=\"e-con-inner\">\n\t\t<div class=\"elementor-element elementor-element-4098b14 e-con-full e-flex e-con e-child\" data-id=\"4098b14\" data-element_type=\"container\">\n\t\t\t\t<div class=\"elementor-element elementor-element-9ee933a elementor-widget elementor-widget-heading\" data-id=\"9ee933a\" data-element_type=\"widget\" data-widget_type=\"heading.default\">\n\t\t\t\t\t<h4 class=\"elementor-heading-title elementor-size-default\">D\u00e9tection et mesure des rayonnements<\/h4>\t\t\t\t<\/div>\n\t\t\t\t<div class=\"elementor-element elementor-element-fca40f9 elementor-widget elementor-widget-text-editor\" data-id=\"fca40f9\" data-element_type=\"widget\" data-widget_type=\"text-editor.default\">\n\t\t\t\t\t\t\t\t\t<p>Ionizing radiation is colorless, odorless, tasteless and insensitive. Its detection and measurement are done using detector equipment. There are several types of detectors, including counters that measure the radiation flux in counts per second (cps), survey meters that measure dose rates in microSieverts per hour. Portable spectrometers that measure radiation and identify the nature of the source.<\/p>\t\t\t\t\t\t\t\t<\/div>\n\t\t<div class=\"elementor-element elementor-element-0648e87 e-con-full e-grid e-con e-child\" data-id=\"0648e87\" data-element_type=\"container\">\n\t\t<div class=\"elementor-element elementor-element-ce12daf e-con-full e-flex e-con e-child\" data-id=\"ce12daf\" data-element_type=\"container\">\n\t\t\t\t<div class=\"elementor-element elementor-element-8b6a8fe elementor-widget elementor-widget-image\" data-id=\"8b6a8fe\" data-element_type=\"widget\" data-widget_type=\"image.default\">\n\t\t\t\t\t\t\t\t\t\t\t\t\t\t\t<img loading=\"lazy\" decoding=\"async\" width=\"496\" height=\"603\" src=\"https:\/\/asran.itechsarl.com\/wp-content\/uploads\/2025\/09\/compteur.png\" class=\"attachment-large size-large wp-image-793\" alt=\"\" \/>\t\t\t\t\t\t\t\t\t\t\t\t\t\t\t<\/div>\n\t\t\t\t<div class=\"elementor-element elementor-element-4a9f4fc elementor-widget elementor-widget-heading\" data-id=\"4a9f4fc\" data-element_type=\"widget\" data-widget_type=\"heading.default\">\n\t\t\t\t\t<h6 class=\"elementor-heading-title elementor-size-default\">COMPTEUR  (MESURE LE NOMBRE DE COUP EN CPS)<\/h6>\t\t\t\t<\/div>\n\t\t\t\t<\/div>\n\t\t<div class=\"elementor-element elementor-element-4c22646 e-con-full e-flex e-con e-child\" data-id=\"4c22646\" data-element_type=\"container\">\n\t\t\t\t<div class=\"elementor-element elementor-element-aba5e1d elementor-widget elementor-widget-image\" data-id=\"aba5e1d\" data-element_type=\"widget\" data-widget_type=\"image.default\">\n\t\t\t\t\t\t\t\t\t\t\t\t\t\t\t<img loading=\"lazy\" decoding=\"async\" width=\"430\" height=\"602\" src=\"https:\/\/asran.itechsarl.com\/wp-content\/uploads\/2025\/09\/radiametre.png\" class=\"attachment-large size-large wp-image-794\" alt=\"\" \/>\t\t\t\t\t\t\t\t\t\t\t\t\t\t\t<\/div>\n\t\t\t\t<div class=\"elementor-element elementor-element-b74d2a8 elementor-widget elementor-widget-heading\" data-id=\"b74d2a8\" data-element_type=\"widget\" data-widget_type=\"heading.default\">\n\t\t\t\t\t<h6 class=\"elementor-heading-title elementor-size-default\">RADIAM\u00c8TRE  (MESURE LE D\u00c9BIT DE DOSE EN MICRO SIEVERT PAR HEURE)  <\/h6>\t\t\t\t<\/div>\n\t\t\t\t<\/div>\n\t\t<div class=\"elementor-element elementor-element-fac8055 e-con-full e-flex e-con e-child\" data-id=\"fac8055\" data-element_type=\"container\">\n\t\t\t\t<div class=\"elementor-element elementor-element-faee95c elementor-widget elementor-widget-image\" data-id=\"faee95c\" data-element_type=\"widget\" data-widget_type=\"image.default\">\n\t\t\t\t\t\t\t\t\t\t\t\t\t\t\t<img loading=\"lazy\" decoding=\"async\" width=\"557\" height=\"642\" src=\"https:\/\/asran.itechsarl.com\/wp-content\/uploads\/2025\/09\/spectrometre-portable.png\" class=\"attachment-large size-large wp-image-795\" alt=\"\" \/>\t\t\t\t\t\t\t\t\t\t\t\t\t\t\t<\/div>\n\t\t\t\t<div class=\"elementor-element elementor-element-4c0eed9 elementor-widget elementor-widget-heading\" data-id=\"4c0eed9\" data-element_type=\"widget\" data-widget_type=\"heading.default\">\n\t\t\t\t\t<h6 class=\"elementor-heading-title elementor-size-default\">UN SPECTROM\u00c8TRE PORTABLE CAPABLE D\u2019IDENTIFIER UN RADIONUCL\u00c9IDE<\/h6>\t\t\t\t<\/div>\n\t\t\t\t<\/div>\n\t\t\t\t<\/div>\n\t\t\t\t<\/div>\n\t\t\t\t\t<\/div>\n\t\t\t\t<\/div>\n\t\t\t\t<\/div>","protected":false},"excerpt":{"rendered":"<p class=\"text-justify mb-2\">RAYONNEMENTS, APPLICATIONS DES RAYONNEMENTS, D\u00c9TECTION ET MESURE DES IONISANTS Rayonnements ionisants Le rayonnement est l\u2019\u00e9nergie \u00e9mise par la mati\u00e8re sous forme de rayons ou de particules.\u00a0 On distingue :\u00a0 les rayonnements non ionisants notamment la lumi\u00e8re blanche, la chaleur rayonnante, les ondes radio, les ondes [&hellip;]<\/p>","protected":false},"author":1,"featured_media":0,"parent":0,"menu_order":0,"comment_status":"closed","ping_status":"closed","template":"","meta":{"ngg_post_thumbnail":0,"footnotes":""},"class_list":["post-778","page","type-page","status-publish","hentry"],"_links":{"self":[{"href":"https:\/\/asran.itechsarl.com\/en\/wp-json\/wp\/v2\/pages\/778","targetHints":{"allow":["GET"]}}],"collection":[{"href":"https:\/\/asran.itechsarl.com\/en\/wp-json\/wp\/v2\/pages"}],"about":[{"href":"https:\/\/asran.itechsarl.com\/en\/wp-json\/wp\/v2\/types\/page"}],"author":[{"embeddable":true,"href":"https:\/\/asran.itechsarl.com\/en\/wp-json\/wp\/v2\/users\/1"}],"replies":[{"embeddable":true,"href":"https:\/\/asran.itechsarl.com\/en\/wp-json\/wp\/v2\/comments?post=778"}],"version-history":[{"count":10,"href":"https:\/\/asran.itechsarl.com\/en\/wp-json\/wp\/v2\/pages\/778\/revisions"}],"predecessor-version":[{"id":817,"href":"https:\/\/asran.itechsarl.com\/en\/wp-json\/wp\/v2\/pages\/778\/revisions\/817"}],"wp:attachment":[{"href":"https:\/\/asran.itechsarl.com\/en\/wp-json\/wp\/v2\/media?parent=778"}],"curies":[{"name":"wp","href":"https:\/\/api.w.org\/{rel}","templated":true}]}}