{"id":902,"date":"2025-09-30T11:40:39","date_gmt":"2025-09-30T09:40:39","guid":{"rendered":"https:\/\/asran.itechsarl.com\/?page_id=902"},"modified":"2025-09-30T11:40:39","modified_gmt":"2025-09-30T09:40:39","slug":"comptabilite-des-matieres-nucleaires","status":"publish","type":"page","link":"https:\/\/asran.itechsarl.com\/en\/comptabilite-des-matieres-nucleaires\/","title":{"rendered":"Comptabilit\u00e9 des mati\u00e8res nucl\u00e9aires"},"content":{"rendered":"","protected":false},"excerpt":{"rendered":"","protected":false},"author":1,"featured_media":0,"parent":0,"menu_order":0,"comment_status":"closed","ping_status":"closed","template":"","meta":{"ngg_post_thumbnail":0,"footnotes":""},"class_list":["post-902","page","type-page","status-publish","hentry"],"_links":{"self":[{"href":"https:\/\/asran.itechsarl.com\/en\/wp-json\/wp\/v2\/pages\/902","targetHints":{"allow":["GET"]}}],"collection":[{"href":"https:\/\/asran.itechsarl.com\/en\/wp-json\/wp\/v2\/pages"}],"about":[{"href":"https:\/\/asran.itechsarl.com\/en\/wp-json\/wp\/v2\/types\/page"}],"author":[{"embeddable":true,"href":"https:\/\/asran.itechsarl.com\/en\/wp-json\/wp\/v2\/users\/1"}],"replies":[{"embeddable":true,"href":"https:\/\/asran.itechsarl.com\/en\/wp-json\/wp\/v2\/comments?post=902"}],"version-history":[{"count":1,"href":"https:\/\/asran.itechsarl.com\/en\/wp-json\/wp\/v2\/pages\/902\/revisions"}],"predecessor-version":[{"id":904,"href":"https:\/\/asran.itechsarl.com\/en\/wp-json\/wp\/v2\/pages\/902\/revisions\/904"}],"wp:attachment":[{"href":"https:\/\/asran.itechsarl.com\/en\/wp-json\/wp\/v2\/media?parent=902"}],"curies":[{"name":"wp","href":"https:\/\/api.w.org\/{rel}","templated":true}]}}