{"id":914,"date":"2025-09-30T11:56:02","date_gmt":"2025-09-30T09:56:02","guid":{"rendered":"https:\/\/asran.itechsarl.com\/?page_id=914"},"modified":"2025-09-30T11:56:02","modified_gmt":"2025-09-30T09:56:02","slug":"matieres-hors-controle-reglementaire","status":"publish","type":"page","link":"https:\/\/asran.itechsarl.com\/en\/matieres-hors-controle-reglementaire\/","title":{"rendered":"Mati\u00e8res hors contr\u00f4le r\u00e9glementaire"},"content":{"rendered":"","protected":false},"excerpt":{"rendered":"","protected":false},"author":1,"featured_media":0,"parent":0,"menu_order":0,"comment_status":"closed","ping_status":"closed","template":"","meta":{"ngg_post_thumbnail":0,"footnotes":""},"class_list":["post-914","page","type-page","status-publish","hentry"],"_links":{"self":[{"href":"https:\/\/asran.itechsarl.com\/en\/wp-json\/wp\/v2\/pages\/914","targetHints":{"allow":["GET"]}}],"collection":[{"href":"https:\/\/asran.itechsarl.com\/en\/wp-json\/wp\/v2\/pages"}],"about":[{"href":"https:\/\/asran.itechsarl.com\/en\/wp-json\/wp\/v2\/types\/page"}],"author":[{"embeddable":true,"href":"https:\/\/asran.itechsarl.com\/en\/wp-json\/wp\/v2\/users\/1"}],"replies":[{"embeddable":true,"href":"https:\/\/asran.itechsarl.com\/en\/wp-json\/wp\/v2\/comments?post=914"}],"version-history":[{"count":1,"href":"https:\/\/asran.itechsarl.com\/en\/wp-json\/wp\/v2\/pages\/914\/revisions"}],"predecessor-version":[{"id":916,"href":"https:\/\/asran.itechsarl.com\/en\/wp-json\/wp\/v2\/pages\/914\/revisions\/916"}],"wp:attachment":[{"href":"https:\/\/asran.itechsarl.com\/en\/wp-json\/wp\/v2\/media?parent=914"}],"curies":[{"name":"wp","href":"https:\/\/api.w.org\/{rel}","templated":true}]}}